{"id":1236,"date":"2020-10-14T16:27:20","date_gmt":"2020-10-14T19:27:20","guid":{"rendered":"https:\/\/maximosconsultoria.com.br\/?page_id=1236"},"modified":"2020-10-16T21:04:48","modified_gmt":"2020-10-17T00:04:48","slug":"auditoria-regulatoria","status":"publish","type":"page","link":"https:\/\/maximosconsultoria.com.br\/en\/auditoria-regulatoria\/","title":{"rendered":"Regulatory Audit"},"content":{"rendered":"<p>[et_pb_section fb_built=&#8221;1&#8243; fullwidth=&#8221;on&#8221; admin_label=&#8221;Page Header&#8221; _builder_version=&#8221;4.4.8&#8243; background_image=&#8221;https:\/\/maximosconsultoria.com.br\/wp-content\/uploads\/2020\/07\/bg-rio-de-janeiro-maximos-consultoria.jpg&#8221;][et_pb_fullwidth_header title=&#8221;@ET-DC@eyJkeW5hbWljIjp0cnVlLCJjb250ZW50IjoicG9zdF90aXRsZSIsInNldHRpbmdzIjp7ImJlZm9yZSI6IiIsImFmdGVyIjoiIn19@&#8221; text_orientation=&#8221;center&#8221; button_one_url=&#8221;#&#8221; button_two_url=&#8221;#&#8221; content_max_width=&#8221;99%&#8221; admin_label=&#8221;Hero Section&#8221; _builder_version=&#8221;4.4.8&#8243; _dynamic_attributes=&#8221;title&#8221; title_font=&#8221;Lato|700|||||||&#8221; title_font_size=&#8221;40px&#8221; title_line_height=&#8221;1.4em&#8221; content_font=&#8221;Lato||||||||&#8221; content_font_size=&#8221;19px&#8221; content_line_height=&#8221;1.8em&#8221; subhead_font=&#8221;Lato||||||||&#8221; content_link_font=&#8221;Lato||||||||&#8221; content_ul_font=&#8221;Lato||||||||&#8221; content_ol_font=&#8221;Lato||||||||&#8221; content_quote_font=&#8221;Lato||||||||&#8221; background_color=&#8221;rgba(255,255,255,0)&#8221; use_background_color_gradient=&#8221;on&#8221; background_color_gradient_start=&#8221;rgba(190,24,24,0.9)&#8221; background_color_gradient_end=&#8221;rgba(227,6,19,0.7)&#8221; custom_button_one=&#8221;on&#8221; button_one_text_size=&#8221;18px&#8221; button_one_text_color=&#8221;#ffffff&#8221; button_one_bg_color=&#8221;#1d1d1b&#8221; button_one_border_width=&#8221;2px&#8221; button_one_border_color=&#8221;#1d1d1b&#8221; button_one_letter_spacing=&#8221;2&#8243; button_one_font=&#8221;Lato|700|||||||&#8221; button_one_use_icon=&#8221;off&#8221; custom_button_two=&#8221;on&#8221; button_two_text_size=&#8221;16px&#8221; button_two_border_width=&#8221;2px&#8221; button_two_border_color=&#8221;#ffffff&#8221; button_two_border_radius=&#8221;0&#8243; button_two_letter_spacing=&#8221;2&#8243; button_two_font=&#8221;Lato||||||||&#8221; button_two_use_icon=&#8221;off&#8221; width=&#8221;100%&#8221; max_width=&#8221;100%&#8221; module_alignment=&#8221;center&#8221; custom_margin=&#8221;|||&#8221; animation_style=&#8221;fade&#8221; custom_css_logo=&#8221;max-width: 40%;\t&#8221; button_one_text_color_hover=&#8221;#6eba01&#8243; button_two_text_color_hover=&#8221;#6eba01&#8243; button_one_border_color_hover=&#8221;#ffffff&#8221; button_two_border_color_hover=&#8221;#ffffff&#8221; button_one_border_radius_hover=&#8221;0&#8243; button_two_border_radius_hover=&#8221;0&#8243; button_one_letter_spacing_hover=&#8221;2&#8243; button_two_letter_spacing_hover=&#8221;2&#8243; button_one_bg_color_hover=&#8221;#ffffff&#8221; button_two_bg_color_hover=&#8221;#ffffff&#8221; button_one_text_size__hover_enabled=&#8221;off&#8221; button_two_text_size__hover_enabled=&#8221;off&#8221; button_one_text_color__hover_enabled=&#8221;off|desktop&#8221; button_one_text_color__hover=&#8221;#6eba01&#8243; button_two_text_color__hover_enabled=&#8221;on&#8221; button_two_text_color__hover=&#8221;#6eba01&#8243; button_one_border_width__hover_enabled=&#8221;off&#8221; button_two_border_width__hover_enabled=&#8221;off&#8221; button_one_border_color__hover_enabled=&#8221;off|desktop&#8221; button_one_border_color__hover=&#8221;#ffffff&#8221; button_two_border_color__hover_enabled=&#8221;on&#8221; button_two_border_color__hover=&#8221;#ffffff&#8221; button_one_border_radius__hover_enabled=&#8221;off|desktop&#8221; button_one_border_radius__hover=&#8221;0&#8243; button_two_border_radius__hover_enabled=&#8221;on&#8221; button_two_border_radius__hover=&#8221;0&#8243; button_one_letter_spacing__hover_enabled=&#8221;on|hover&#8221; button_one_letter_spacing__hover=&#8221;4px&#8221; button_two_letter_spacing__hover_enabled=&#8221;on&#8221; button_two_letter_spacing__hover=&#8221;2&#8243; button_one_bg_color__hover_enabled=&#8221;off|desktop&#8221; button_one_bg_color__hover=&#8221;#ffffff&#8221; button_two_bg_color__hover_enabled=&#8221;on&#8221; button_two_bg_color__hover=&#8221;#ffffff&#8221;][\/et_pb_fullwidth_header][\/et_pb_section][et_pb_section fb_built=&#8221;1&#8243; admin_label=&#8221;Services&#8221; _builder_version=&#8221;4.4.8&#8243; custom_padding=&#8221;80px|0px|80px|0px|true|&#8221;][et_pb_row _builder_version=&#8221;4.4.8&#8243; max_width=&#8221;100%&#8221;][et_pb_column type=&#8221;4_4&#8243; _builder_version=&#8221;4.4.8&#8243;][et_pb_text _builder_version=&#8221;4.6.1&#8243; text_font=&#8221;Lato||||||||&#8221; text_text_color=&#8221;#1d1d1b&#8221; text_font_size=&#8221;16px&#8221; text_line_height=&#8221;1.9em&#8221; link_font=&#8221;Lato||||||||&#8221; ul_font=&#8221;Lato||||||||&#8221; ol_font=&#8221;Lato||||||||&#8221; quote_font=&#8221;Lato||||||||&#8221; header_2_font=&#8221;Lato|700|||||||&#8221; header_2_text_align=&#8221;left&#8221; header_2_text_color=&#8221;#1d1d1b&#8221; header_2_font_size=&#8221;36px&#8221; header_3_text_color=&#8221;#000000&#8243; background_layout=&#8221;dark&#8221; locked=&#8221;off&#8221;]<\/p>\n<p>We audit your company according to its purpose.<\/p>\n<p>Est\u00e3o em inclusos em nossos servi\u00e7os auditorias em fabricantes, importadores, distribuidores, fornecedores que estejam submetidos \u00e0 Anvisa e MAPA. Detalhamento das auditorias realizadas por nossa equipe:<\/p>\n<p>\u2022 Auditoria para verifica\u00e7\u00e3o do cumprimento das Boas Pr\u00e1ticas<br \/> conforme legisla\u00e7\u00e3o sanit\u00e1ria em vigor;<br \/> \u2022 Auditoria trimestral, semestral, anual em sua empresa para fins de<br \/> verifica\u00e7\u00e3o dos requisitos descritos na legisla\u00e7\u00e3o sanit\u00e1ria em vigor;<\/p>\n<p><strong>Nota:<\/strong> No inicio das auditorias est\u00e3o previstas reuni\u00f5es de abertura com envio pr\u00e9vio de uma agenda contendo um programa da auditoria. Ao final de cada auditoria \u00e9 feito um esclarecimento com os principais pontos da auditoria e em at\u00e9 72 horas ap\u00f3s o servi\u00e7o de auditoria ser\u00e1 emitido um Relat\u00f3rio de auditoria de forma conclusiva constando de forma detalhada os itens verificados.<\/p>\n<p>[\/et_pb_text][\/et_pb_column][\/et_pb_row][\/et_pb_section][et_pb_section fb_built=&#8221;1&#8243; module_id=&#8221;orcamento&#8221; _builder_version=&#8221;4.6.1&#8243; background_color=&#8221;#be1818&#8243; custom_padding=&#8221;50px||50px||true|&#8221; saved_tabs=&#8221;all&#8221; global_module=&#8221;1329&#8243;][et_pb_row _builder_version=&#8221;3.25&#8243; background_size=&#8221;initial&#8221; background_position=&#8221;top_left&#8221; background_repeat=&#8221;repeat&#8221; custom_width_px=&#8221;710px&#8221;][et_pb_column type=&#8221;4_4&#8243; _builder_version=&#8221;3.25&#8243; background_position=&#8221;top_left&#8221; custom_padding=&#8221;|||&#8221; custom_padding__hover=&#8221;|||&#8221;][et_pb_text admin_label=&#8221;Request Section Title&#8221; _builder_version=&#8221;4.4.8&#8243; text_font=&#8221;Lato||||||||&#8221; link_font=&#8221;Lato||||||||&#8221; ul_font=&#8221;Lato||||||||&#8221; ol_font=&#8221;Lato||||||||&#8221; quote_font=&#8221;Lato||||||||&#8221; header_font=&#8221;Lato||||||||&#8221; header_font_size=&#8221;36px&#8221; header_2_font=&#8221;Lato||||||||&#8221; header_3_font=&#8221;Lato||||||||&#8221; header_4_font=&#8221;Lato||||||||&#8221; header_5_font=&#8221;Lato||||||||&#8221; header_6_font=&#8221;Lato||||||||&#8221; text_orientation=&#8221;center&#8221; background_layout=&#8221;dark&#8221; max_width=&#8221;710px&#8221; module_alignment=&#8221;center&#8221; animation_style=&#8221;fold&#8221; animation_direction=&#8221;bottom&#8221; animation_intensity_fold=&#8221;20%&#8221;]<\/p>\n<h1>What is your regulatory doubt?<\/h1>\n<p>[\/et_pb_text][et_pb_text admin_label=&#8221;Request Section Subtitle&#8221; _builder_version=&#8221;4.4.8&#8243; text_font=&#8221;Lato||||||||&#8221; text_font_size=&#8221;16px&#8221; text_line_height=&#8221;1.9em&#8221; link_font=&#8221;Lato||||||||&#8221; ul_font=&#8221;Lato||||||||&#8221; ol_font=&#8221;Lato||||||||&#8221; quote_font=&#8221;Lato||||||||&#8221; header_font=&#8221;Lato||||||||&#8221; header_2_font=&#8221;Lato||||||||&#8221; header_3_font=&#8221;Lato||||||||&#8221; header_4_font=&#8221;Lato||||||||&#8221; header_5_font=&#8221;Lato||||||||&#8221; header_6_font=&#8221;Lato||||||||&#8221; background_size=&#8221;initial&#8221; background_position=&#8221;top_left&#8221; background_repeat=&#8221;repeat&#8221; text_orientation=&#8221;center&#8221; background_layout=&#8221;dark&#8221; module_alignment=&#8221;center&#8221; animation_style=&#8221;fold&#8221; animation_direction=&#8221;bottom&#8221; animation_intensity_fold=&#8221;20%&#8221;]<\/p>\n<p>Fill out the form below<\/p>\n<p>[\/et_pb_text][\/et_pb_column][\/et_pb_row][et_pb_row module_id=&#8221;ptbr-form&#8221; _builder_version=&#8221;4.6.1&#8243;][et_pb_column type=&#8221;4_4&#8243; _builder_version=&#8221;4.4.8&#8243;][et_pb_code _builder_version=&#8221;4.4.8&#8243;][ninja_form id=2]\t[\/et_pb_code][et_pb_code _builder_version=&#8221;4.6.1&#8243; _module_preset=&#8221;default&#8221;]<script><!-- [et_pb_line_break_holder] --><!-- [et_pb_line_break_holder] -->var url_atual = window.location.href;<!-- [et_pb_line_break_holder] -->var traducaoPortugues = document.getElementById(\"ptbr\");<!-- [et_pb_line_break_holder] -->var traducaoIngles = document.getElementById(\"en\");<!-- [et_pb_line_break_holder] --><!-- [et_pb_line_break_holder] -->if (url_atual.indexOf(\"\/en\/\") >=0) {<!-- [et_pb_line_break_holder] -->    traducaoPortugues.style.display =\"none\";    <!-- [et_pb_line_break_holder] -->    traducaoIngles.style.display = \"block\";<!-- [et_pb_line_break_holder] -->}<!-- [et_pb_line_break_holder] --><!-- [et_pb_line_break_holder] --><!-- [et_pb_line_break_holder] --><!-- [et_pb_line_break_holder] --><\/script>[\/et_pb_code][\/et_pb_column][\/et_pb_row][et_pb_row module_id=&#8221;en-form&#8221; _builder_version=&#8221;4.6.1&#8243; custom_css_main_element=&#8221;display: none;&#8221;][et_pb_column type=&#8221;4_4&#8243; _builder_version=&#8221;4.4.8&#8243;][et_pb_code _builder_version=&#8221;4.6.1&#8243;][ninja_form id=4]\t[\/et_pb_code][\/et_pb_column][\/et_pb_row][\/et_pb_section][et_pb_section fb_built=&#8221;1&#8243; admin_label=&#8221;Esconde Form JS&#8221; _builder_version=&#8221;4.6.1&#8243; _module_preset=&#8221;default&#8221; custom_margin=&#8221;0px||0px||false|false&#8221; custom_padding=&#8221;0px||0px||false|false&#8221; global_module=&#8221;1317&#8243;][et_pb_row _builder_version=&#8221;4.6.1&#8243; _module_preset=&#8221;default&#8221; custom_margin=&#8221;0px||0px||false|false&#8221; custom_padding=&#8221;0px||0px||false|false&#8221; custom_css_main_element=&#8221;min-height:0px !important;&#8221;][et_pb_column type=&#8221;4_4&#8243; _builder_version=&#8221;4.6.1&#8243; _module_preset=&#8221;default&#8221; custom_padding=&#8221;0px||0px||false|false&#8221; custom_css_main_element=&#8221;min-height:0px !important;&#8221;][et_pb_code _builder_version=&#8221;4.6.1&#8243; _module_preset=&#8221;default&#8221; custom_margin=&#8221;0px||0px||false|false&#8221; custom_padding=&#8221;0px||0px||false|false&#8221;]<script><!-- [et_pb_line_break_holder] --><!-- [et_pb_line_break_holder] -->var url_atual = window.location.href;<!-- [et_pb_line_break_holder] -->var traducaoPortuguesForm = document.getElementById(\"ptbr-form\");<!-- [et_pb_line_break_holder] -->  var traducaoInglesForm = document.getElementById(\"en-form\");<!-- [et_pb_line_break_holder] --><!-- [et_pb_line_break_holder] --><!-- [et_pb_line_break_holder] --><!-- [et_pb_line_break_holder] -->if (url_atual.indexOf(\"\/en\/\") >=0) {<!-- [et_pb_line_break_holder] -->     traducaoPortuguesForm.style.display =\"none\";    <!-- [et_pb_line_break_holder] --><!-- [et_pb_line_break_holder] -->    traducaoInglesForm.style.display = \"block\";<!-- [et_pb_line_break_holder] -->}<!-- [et_pb_line_break_holder] --><!-- [et_pb_line_break_holder] --><!-- [et_pb_line_break_holder] --><!-- [et_pb_line_break_holder] --><\/script>[\/et_pb_code][\/et_pb_column][\/et_pb_row][\/et_pb_section]<\/p>","protected":false},"excerpt":{"rendered":"<p>Realizamos a auditoria em sua empresa de acordo com a sua finalidade. Est\u00e3o em inclusos em nossos servi\u00e7os auditorias em fabricantes, importadores, distribuidores, fornecedores que estejam submetidos \u00e0 Anvisa e MAPA. Detalhamento das auditorias realizadas por nossa equipe: \u2022 Auditoria para verifica\u00e7\u00e3o do cumprimento das Boas Pr\u00e1ticas conforme legisla\u00e7\u00e3o sanit\u00e1ria em vigor; \u2022 Auditoria trimestral, [&hellip;]<\/p>","protected":false},"author":1,"featured_media":0,"parent":0,"menu_order":0,"comment_status":"closed","ping_status":"closed","template":"","meta":{"_et_pb_use_builder":"on","_et_pb_old_content":"","_et_gb_content_width":"","inline_featured_image":false,"footnotes":""},"yoast_head":"<!-- This site is optimized with the Yoast SEO plugin v22.0 - https:\/\/yoast.com\/wordpress\/plugins\/seo\/ -->\n<title>Auditoria Regulat\u00f3ria - Maximos<\/title>\n<meta name=\"robots\" content=\"index, follow, max-snippet:-1, max-image-preview:large, max-video-preview:-1\" \/>\n<link rel=\"canonical\" href=\"https:\/\/maximosconsultoria.com.br\/en\/auditoria-regulatoria\/\" \/>\n<meta property=\"og:locale\" content=\"en_US\" \/>\n<meta property=\"og:type\" content=\"article\" \/>\n<meta property=\"og:title\" content=\"Auditoria Regulat\u00f3ria - Maximos\" \/>\n<meta property=\"og:description\" content=\"Realizamos a auditoria em sua empresa de acordo com a sua finalidade. Est\u00e3o em inclusos em nossos servi\u00e7os auditorias em fabricantes, importadores, distribuidores, fornecedores que estejam submetidos \u00e0 Anvisa e MAPA. Detalhamento das auditorias realizadas por nossa equipe: \u2022 Auditoria para verifica\u00e7\u00e3o do cumprimento das Boas Pr\u00e1ticas conforme legisla\u00e7\u00e3o sanit\u00e1ria em vigor; \u2022 Auditoria trimestral, [&hellip;]\" \/>\n<meta property=\"og:url\" content=\"https:\/\/maximosconsultoria.com.br\/en\/auditoria-regulatoria\/\" \/>\n<meta property=\"og:site_name\" content=\"Maximos\" \/>\n<meta property=\"article:modified_time\" content=\"2020-10-17T00:04:48+00:00\" \/>\n<meta name=\"twitter:card\" content=\"summary_large_image\" \/>\n<meta name=\"twitter:label1\" content=\"Est. reading time\" \/>\n\t<meta name=\"twitter:data1\" content=\"6 minutes\" \/>\n<script type=\"application\/ld+json\" class=\"yoast-schema-graph\">{\"@context\":\"https:\/\/schema.org\",\"@graph\":[{\"@type\":\"WebPage\",\"@id\":\"https:\/\/maximosconsultoria.com.br\/auditoria-regulatoria\/\",\"url\":\"https:\/\/maximosconsultoria.com.br\/auditoria-regulatoria\/\",\"name\":\"Auditoria Regulat\u00f3ria - Maximos\",\"isPartOf\":{\"@id\":\"https:\/\/maximosconsultoria.com.br\/#website\"},\"datePublished\":\"2020-10-14T19:27:20+00:00\",\"dateModified\":\"2020-10-17T00:04:48+00:00\",\"breadcrumb\":{\"@id\":\"https:\/\/maximosconsultoria.com.br\/auditoria-regulatoria\/#breadcrumb\"},\"inLanguage\":\"en-US\",\"potentialAction\":[{\"@type\":\"ReadAction\",\"target\":[\"https:\/\/maximosconsultoria.com.br\/auditoria-regulatoria\/\"]}]},{\"@type\":\"BreadcrumbList\",\"@id\":\"https:\/\/maximosconsultoria.com.br\/auditoria-regulatoria\/#breadcrumb\",\"itemListElement\":[{\"@type\":\"ListItem\",\"position\":1,\"name\":\"Home\",\"item\":\"https:\/\/maximosconsultoria.com.br\/\"},{\"@type\":\"ListItem\",\"position\":2,\"name\":\"Auditoria Regulat\u00f3ria\"}]},{\"@type\":\"WebSite\",\"@id\":\"https:\/\/maximosconsultoria.com.br\/#website\",\"url\":\"https:\/\/maximosconsultoria.com.br\/\",\"name\":\"Maximos\",\"description\":\"M\u00c1XIMOS CONSULTORIA \/ ANVISA-VISA -INMETRO-MAPA\",\"potentialAction\":[{\"@type\":\"SearchAction\",\"target\":{\"@type\":\"EntryPoint\",\"urlTemplate\":\"https:\/\/maximosconsultoria.com.br\/?s={search_term_string}\"},\"query-input\":\"required name=search_term_string\"}],\"inLanguage\":\"en-US\"}]}<\/script>\n<!-- \/ Yoast SEO plugin. -->","yoast_head_json":{"title":"Auditoria Regulat\u00f3ria - Maximos","robots":{"index":"index","follow":"follow","max-snippet":"max-snippet:-1","max-image-preview":"max-image-preview:large","max-video-preview":"max-video-preview:-1"},"canonical":"https:\/\/maximosconsultoria.com.br\/en\/auditoria-regulatoria\/","og_locale":"en_US","og_type":"article","og_title":"Auditoria Regulat\u00f3ria - Maximos","og_description":"Realizamos a auditoria em sua empresa de acordo com a sua finalidade. Est\u00e3o em inclusos em nossos servi\u00e7os auditorias em fabricantes, importadores, distribuidores, fornecedores que estejam submetidos \u00e0 Anvisa e MAPA. Detalhamento das auditorias realizadas por nossa equipe: \u2022 Auditoria para verifica\u00e7\u00e3o do cumprimento das Boas Pr\u00e1ticas conforme legisla\u00e7\u00e3o sanit\u00e1ria em vigor; \u2022 Auditoria trimestral, [&hellip;]","og_url":"https:\/\/maximosconsultoria.com.br\/en\/auditoria-regulatoria\/","og_site_name":"Maximos","article_modified_time":"2020-10-17T00:04:48+00:00","twitter_card":"summary_large_image","twitter_misc":{"Est. reading time":"6 minutes"},"schema":{"@context":"https:\/\/schema.org","@graph":[{"@type":"WebPage","@id":"https:\/\/maximosconsultoria.com.br\/auditoria-regulatoria\/","url":"https:\/\/maximosconsultoria.com.br\/auditoria-regulatoria\/","name":"Auditoria Regulat\u00f3ria - Maximos","isPartOf":{"@id":"https:\/\/maximosconsultoria.com.br\/#website"},"datePublished":"2020-10-14T19:27:20+00:00","dateModified":"2020-10-17T00:04:48+00:00","breadcrumb":{"@id":"https:\/\/maximosconsultoria.com.br\/auditoria-regulatoria\/#breadcrumb"},"inLanguage":"en-US","potentialAction":[{"@type":"ReadAction","target":["https:\/\/maximosconsultoria.com.br\/auditoria-regulatoria\/"]}]},{"@type":"BreadcrumbList","@id":"https:\/\/maximosconsultoria.com.br\/auditoria-regulatoria\/#breadcrumb","itemListElement":[{"@type":"ListItem","position":1,"name":"Home","item":"https:\/\/maximosconsultoria.com.br\/"},{"@type":"ListItem","position":2,"name":"Auditoria Regulat\u00f3ria"}]},{"@type":"WebSite","@id":"https:\/\/maximosconsultoria.com.br\/#website","url":"https:\/\/maximosconsultoria.com.br\/","name":"Maximos","description":"M\u00c1XIMOS CONSULTORIA \/ ANVISA-VISA -INMETRO-MAPA","potentialAction":[{"@type":"SearchAction","target":{"@type":"EntryPoint","urlTemplate":"https:\/\/maximosconsultoria.com.br\/?s={search_term_string}"},"query-input":"required name=search_term_string"}],"inLanguage":"en-US"}]}},"_links":{"self":[{"href":"https:\/\/maximosconsultoria.com.br\/en\/wp-json\/wp\/v2\/pages\/1236"}],"collection":[{"href":"https:\/\/maximosconsultoria.com.br\/en\/wp-json\/wp\/v2\/pages"}],"about":[{"href":"https:\/\/maximosconsultoria.com.br\/en\/wp-json\/wp\/v2\/types\/page"}],"author":[{"embeddable":true,"href":"https:\/\/maximosconsultoria.com.br\/en\/wp-json\/wp\/v2\/users\/1"}],"replies":[{"embeddable":true,"href":"https:\/\/maximosconsultoria.com.br\/en\/wp-json\/wp\/v2\/comments?post=1236"}],"version-history":[{"count":3,"href":"https:\/\/maximosconsultoria.com.br\/en\/wp-json\/wp\/v2\/pages\/1236\/revisions"}],"predecessor-version":[{"id":1337,"href":"https:\/\/maximosconsultoria.com.br\/en\/wp-json\/wp\/v2\/pages\/1236\/revisions\/1337"}],"wp:attachment":[{"href":"https:\/\/maximosconsultoria.com.br\/en\/wp-json\/wp\/v2\/media?parent=1236"}],"curies":[{"name":"wp","href":"https:\/\/api.w.org\/{rel}","templated":true}]}}