{"id":3,"date":"2020-07-07T21:17:00","date_gmt":"2020-07-08T00:17:00","guid":{"rendered":"https:\/\/maximosconsultoria.com.br\/?page_id=3"},"modified":"2020-09-23T15:07:19","modified_gmt":"2020-09-23T18:07:19","slug":"informacoes-de-uso-do-site-maximos-consultoria","status":"publish","type":"page","link":"https:\/\/maximosconsultoria.com.br\/en\/informacoes-de-uso-do-site-maximos-consultoria\/","title":{"rendered":"Informa\u00e7\u00f5es de Uso do Site M\u00e1ximos Consultoria"},"content":{"rendered":"<p>\u00a0\u00a0 O site da M\u00e1ximos Consultoria (incluindo, sem limita\u00e7\u00e3o, qualquer conte\u00fado ou outra parte dele) cont\u00e9m informa\u00e7\u00f5es gerais apenas, e n\u00e3o podemos, por meio deste site, fornecer servi\u00e7os ou consultorias t\u00e9cnicas. Antes de tomar qualquer decis\u00e3o ou tomar qualquer a\u00e7\u00e3o que possa afetar seus neg\u00f3cios, voc\u00ea deve consultar um consultor profissional qualificado.<\/p>\r\n<p>\u00a0 Este website \u00e9 elaborado como est\u00e1. N\u00e3o fornecemos representa\u00e7\u00f5es ou garantias, expressas ou impl\u00edcitas. Sem limita\u00e7\u00e3o ao citado anteriormente. N\u00f3s n\u00e3o garantimos que este site ser\u00e1 seguro, sem erros, livre de v\u00edrus ou de c\u00f3digo malicioso, ou que v\u00e1 atender qualquer crit\u00e9rio particular de desempenho ou qualidade. N\u00f3s negamos expressamente todas as garantias impl\u00edcitas, incluindo, sem limita\u00e7\u00e3o, garantias de comercializa\u00e7\u00e3o, t\u00edtulo, adequa\u00e7\u00e3o a um determinado fim, n\u00e3o-viola\u00e7\u00e3o, compatibilidade, seguran\u00e7a e precis\u00e3o.<\/p>\r\n<p>\u00a0 O uso deste site \u00e9 de sua pr\u00f3pria conta e risco e voc\u00ea assume total responsabilidade e risco sobre eventuais perdas resultantes de sua utiliza\u00e7\u00e3o, incluindo, sem limita\u00e7\u00e3o, as perdas relacionadas a servi\u00e7os ou dados. N\u00f3s n\u00e3o seremos respons\u00e1veis por quaisquer danos diretos, indiretos, especiais, incidental, punitivos, ou quaisquer outros danos, seja em uma a\u00e7\u00e3o de contrato, estatuto, delito (incluindo, sem limita\u00e7\u00e3o, neglig\u00eancia), ou outro, relativo ou decorrentes do uso deste site, mesmo se soub\u00e9ssemos, ou se dev\u00eassemos saber, da possibilidade de tais danos.<\/p>","protected":false},"excerpt":{"rendered":"<p>\u00a0\u00a0 O site da M\u00e1ximos Consultoria (incluindo, sem limita\u00e7\u00e3o, qualquer conte\u00fado ou outra parte dele) cont\u00e9m informa\u00e7\u00f5es gerais apenas, e n\u00e3o podemos, por meio deste site, fornecer servi\u00e7os ou consultorias t\u00e9cnicas. Antes de tomar qualquer decis\u00e3o ou tomar qualquer a\u00e7\u00e3o que possa afetar seus neg\u00f3cios, voc\u00ea deve consultar um consultor profissional qualificado. \u00a0 Este website [&hellip;]<\/p>","protected":false},"author":1,"featured_media":0,"parent":0,"menu_order":0,"comment_status":"closed","ping_status":"open","template":"","meta":{"_et_pb_use_builder":"","_et_pb_old_content":"","_et_gb_content_width":"","inline_featured_image":false,"footnotes":""},"yoast_head":"<!-- This site is optimized with the Yoast SEO plugin v22.0 - https:\/\/yoast.com\/wordpress\/plugins\/seo\/ -->\n<title>Informa\u00e7\u00f5es de Uso do Site M\u00e1ximos Consultoria - Maximos<\/title>\n<meta name=\"robots\" content=\"index, follow, max-snippet:-1, max-image-preview:large, max-video-preview:-1\" \/>\n<link rel=\"canonical\" href=\"https:\/\/maximosconsultoria.com.br\/en\/informacoes-de-uso-do-site-maximos-consultoria\/\" \/>\n<meta property=\"og:locale\" content=\"en_US\" \/>\n<meta property=\"og:type\" content=\"article\" \/>\n<meta property=\"og:title\" content=\"Informa\u00e7\u00f5es de Uso do Site M\u00e1ximos Consultoria - Maximos\" \/>\n<meta property=\"og:description\" content=\"\u00a0\u00a0 O site da M\u00e1ximos Consultoria (incluindo, sem limita\u00e7\u00e3o, qualquer conte\u00fado ou outra parte dele) cont\u00e9m informa\u00e7\u00f5es gerais apenas, e n\u00e3o podemos, por meio deste site, fornecer servi\u00e7os ou consultorias t\u00e9cnicas. Antes de tomar qualquer decis\u00e3o ou tomar qualquer a\u00e7\u00e3o que possa afetar seus neg\u00f3cios, voc\u00ea deve consultar um consultor profissional qualificado. \u00a0 Este website [&hellip;]\" \/>\n<meta property=\"og:url\" content=\"https:\/\/maximosconsultoria.com.br\/en\/informacoes-de-uso-do-site-maximos-consultoria\/\" \/>\n<meta property=\"og:site_name\" content=\"Maximos\" \/>\n<meta property=\"article:modified_time\" content=\"2020-09-23T18:07:19+00:00\" \/>\n<meta name=\"twitter:card\" content=\"summary_large_image\" \/>\n<meta name=\"twitter:label1\" content=\"Est. reading time\" \/>\n\t<meta name=\"twitter:data1\" content=\"1 minute\" \/>\n<script type=\"application\/ld+json\" class=\"yoast-schema-graph\">{\"@context\":\"https:\/\/schema.org\",\"@graph\":[{\"@type\":\"WebPage\",\"@id\":\"https:\/\/maximosconsultoria.com.br\/informacoes-de-uso-do-site-maximos-consultoria\/\",\"url\":\"https:\/\/maximosconsultoria.com.br\/informacoes-de-uso-do-site-maximos-consultoria\/\",\"name\":\"Informa\u00e7\u00f5es de Uso do Site M\u00e1ximos Consultoria - Maximos\",\"isPartOf\":{\"@id\":\"https:\/\/maximosconsultoria.com.br\/#website\"},\"datePublished\":\"2020-07-08T00:17:00+00:00\",\"dateModified\":\"2020-09-23T18:07:19+00:00\",\"breadcrumb\":{\"@id\":\"https:\/\/maximosconsultoria.com.br\/informacoes-de-uso-do-site-maximos-consultoria\/#breadcrumb\"},\"inLanguage\":\"en-US\",\"potentialAction\":[{\"@type\":\"ReadAction\",\"target\":[\"https:\/\/maximosconsultoria.com.br\/informacoes-de-uso-do-site-maximos-consultoria\/\"]}]},{\"@type\":\"BreadcrumbList\",\"@id\":\"https:\/\/maximosconsultoria.com.br\/informacoes-de-uso-do-site-maximos-consultoria\/#breadcrumb\",\"itemListElement\":[{\"@type\":\"ListItem\",\"position\":1,\"name\":\"Home\",\"item\":\"https:\/\/maximosconsultoria.com.br\/\"},{\"@type\":\"ListItem\",\"position\":2,\"name\":\"Informa\u00e7\u00f5es de Uso do Site M\u00e1ximos Consultoria\"}]},{\"@type\":\"WebSite\",\"@id\":\"https:\/\/maximosconsultoria.com.br\/#website\",\"url\":\"https:\/\/maximosconsultoria.com.br\/\",\"name\":\"Maximos\",\"description\":\"M\u00c1XIMOS CONSULTORIA \/ ANVISA-VISA -INMETRO-MAPA\",\"potentialAction\":[{\"@type\":\"SearchAction\",\"target\":{\"@type\":\"EntryPoint\",\"urlTemplate\":\"https:\/\/maximosconsultoria.com.br\/?s={search_term_string}\"},\"query-input\":\"required name=search_term_string\"}],\"inLanguage\":\"en-US\"}]}<\/script>\n<!-- \/ Yoast SEO plugin. -->","yoast_head_json":{"title":"Informa\u00e7\u00f5es de Uso do Site M\u00e1ximos Consultoria - Maximos","robots":{"index":"index","follow":"follow","max-snippet":"max-snippet:-1","max-image-preview":"max-image-preview:large","max-video-preview":"max-video-preview:-1"},"canonical":"https:\/\/maximosconsultoria.com.br\/en\/informacoes-de-uso-do-site-maximos-consultoria\/","og_locale":"en_US","og_type":"article","og_title":"Informa\u00e7\u00f5es de Uso do Site M\u00e1ximos Consultoria - Maximos","og_description":"\u00a0\u00a0 O site da M\u00e1ximos Consultoria (incluindo, sem limita\u00e7\u00e3o, qualquer conte\u00fado ou outra parte dele) cont\u00e9m informa\u00e7\u00f5es gerais apenas, e n\u00e3o podemos, por meio deste site, fornecer servi\u00e7os ou consultorias t\u00e9cnicas. Antes de tomar qualquer decis\u00e3o ou tomar qualquer a\u00e7\u00e3o que possa afetar seus neg\u00f3cios, voc\u00ea deve consultar um consultor profissional qualificado. \u00a0 Este website [&hellip;]","og_url":"https:\/\/maximosconsultoria.com.br\/en\/informacoes-de-uso-do-site-maximos-consultoria\/","og_site_name":"Maximos","article_modified_time":"2020-09-23T18:07:19+00:00","twitter_card":"summary_large_image","twitter_misc":{"Est. reading time":"1 minute"},"schema":{"@context":"https:\/\/schema.org","@graph":[{"@type":"WebPage","@id":"https:\/\/maximosconsultoria.com.br\/informacoes-de-uso-do-site-maximos-consultoria\/","url":"https:\/\/maximosconsultoria.com.br\/informacoes-de-uso-do-site-maximos-consultoria\/","name":"Informa\u00e7\u00f5es de Uso do Site M\u00e1ximos Consultoria - Maximos","isPartOf":{"@id":"https:\/\/maximosconsultoria.com.br\/#website"},"datePublished":"2020-07-08T00:17:00+00:00","dateModified":"2020-09-23T18:07:19+00:00","breadcrumb":{"@id":"https:\/\/maximosconsultoria.com.br\/informacoes-de-uso-do-site-maximos-consultoria\/#breadcrumb"},"inLanguage":"en-US","potentialAction":[{"@type":"ReadAction","target":["https:\/\/maximosconsultoria.com.br\/informacoes-de-uso-do-site-maximos-consultoria\/"]}]},{"@type":"BreadcrumbList","@id":"https:\/\/maximosconsultoria.com.br\/informacoes-de-uso-do-site-maximos-consultoria\/#breadcrumb","itemListElement":[{"@type":"ListItem","position":1,"name":"Home","item":"https:\/\/maximosconsultoria.com.br\/"},{"@type":"ListItem","position":2,"name":"Informa\u00e7\u00f5es de Uso do Site M\u00e1ximos Consultoria"}]},{"@type":"WebSite","@id":"https:\/\/maximosconsultoria.com.br\/#website","url":"https:\/\/maximosconsultoria.com.br\/","name":"Maximos","description":"M\u00c1XIMOS CONSULTORIA \/ ANVISA-VISA -INMETRO-MAPA","potentialAction":[{"@type":"SearchAction","target":{"@type":"EntryPoint","urlTemplate":"https:\/\/maximosconsultoria.com.br\/?s={search_term_string}"},"query-input":"required name=search_term_string"}],"inLanguage":"en-US"}]}},"_links":{"self":[{"href":"https:\/\/maximosconsultoria.com.br\/en\/wp-json\/wp\/v2\/pages\/3"}],"collection":[{"href":"https:\/\/maximosconsultoria.com.br\/en\/wp-json\/wp\/v2\/pages"}],"about":[{"href":"https:\/\/maximosconsultoria.com.br\/en\/wp-json\/wp\/v2\/types\/page"}],"author":[{"embeddable":true,"href":"https:\/\/maximosconsultoria.com.br\/en\/wp-json\/wp\/v2\/users\/1"}],"replies":[{"embeddable":true,"href":"https:\/\/maximosconsultoria.com.br\/en\/wp-json\/wp\/v2\/comments?post=3"}],"version-history":[{"count":3,"href":"https:\/\/maximosconsultoria.com.br\/en\/wp-json\/wp\/v2\/pages\/3\/revisions"}],"predecessor-version":[{"id":1151,"href":"https:\/\/maximosconsultoria.com.br\/en\/wp-json\/wp\/v2\/pages\/3\/revisions\/1151"}],"wp:attachment":[{"href":"https:\/\/maximosconsultoria.com.br\/en\/wp-json\/wp\/v2\/media?parent=3"}],"curies":[{"name":"wp","href":"https:\/\/api.w.org\/{rel}","templated":true}]}}