{"id":611,"date":"2020-08-13T11:21:16","date_gmt":"2020-08-13T14:21:16","guid":{"rendered":"https:\/\/maximosconsultoria.com.br\/?page_id=611"},"modified":"2020-10-08T11:39:35","modified_gmt":"2020-10-08T14:39:35","slug":"historia","status":"publish","type":"page","link":"https:\/\/maximosconsultoria.com.br\/en\/historia\/","title":{"rendered":"How we started our services"},"content":{"rendered":"<p>[et_pb_section fb_built=&#8221;1&#8243; fullwidth=&#8221;on&#8221; admin_label=&#8221;Page Header&#8221; _builder_version=&#8221;4.4.8&#8243; background_image=&#8221;http:\/\/maximosconsultoria.com.br\/wp-content\/uploads\/2020\/07\/bg-rio-de-janeiro-maximos-consultoria.jpg&#8221; background_position=&#8221;center_right&#8221;][et_pb_fullwidth_header title=&#8221;@ET-DC@eyJkeW5hbWljIjp0cnVlLCJjb250ZW50IjoicG9zdF90aXRsZSIsInNldHRpbmdzIjp7ImJlZm9yZSI6IiIsImFmdGVyIjoiIn19@&#8221; text_orientation=&#8221;center&#8221; button_one_url=&#8221;#&#8221; button_two_url=&#8221;#&#8221; content_max_width=&#8221;99%&#8221; admin_label=&#8221;Hero Section&#8221; _builder_version=&#8221;4.4.8&#8243; _dynamic_attributes=&#8221;title&#8221; title_font=&#8221;Lato|700|||||||&#8221; title_font_size=&#8221;40px&#8221; title_line_height=&#8221;1.4em&#8221; content_font=&#8221;Lato||||||||&#8221; content_font_size=&#8221;19px&#8221; content_line_height=&#8221;1.8em&#8221; subhead_font=&#8221;Lato||||||||&#8221; content_link_font=&#8221;Lato||||||||&#8221; content_ul_font=&#8221;Lato||||||||&#8221; content_ol_font=&#8221;Lato||||||||&#8221; content_quote_font=&#8221;Lato||||||||&#8221; background_color=&#8221;rgba(255,255,255,0)&#8221; use_background_color_gradient=&#8221;on&#8221; background_color_gradient_start=&#8221;rgba(190,24,24,0.9)&#8221; background_color_gradient_end=&#8221;rgba(227,6,19,0.7)&#8221; custom_button_one=&#8221;on&#8221; button_one_text_size=&#8221;18px&#8221; button_one_text_color=&#8221;#ffffff&#8221; button_one_bg_color=&#8221;#1d1d1b&#8221; button_one_border_width=&#8221;2px&#8221; button_one_border_color=&#8221;#1d1d1b&#8221; button_one_letter_spacing=&#8221;2&#8243; button_one_font=&#8221;Lato|700|||||||&#8221; button_one_use_icon=&#8221;off&#8221; custom_button_two=&#8221;on&#8221; button_two_text_size=&#8221;16px&#8221; button_two_border_width=&#8221;2px&#8221; button_two_border_color=&#8221;#ffffff&#8221; button_two_border_radius=&#8221;0&#8243; button_two_letter_spacing=&#8221;2&#8243; button_two_font=&#8221;Lato||||||||&#8221; button_two_use_icon=&#8221;off&#8221; width=&#8221;100%&#8221; max_width=&#8221;100%&#8221; module_alignment=&#8221;center&#8221; custom_margin=&#8221;|||&#8221; animation_style=&#8221;fade&#8221; custom_css_logo=&#8221;max-width: 40%;\t&#8221; button_one_text_color_hover=&#8221;#6eba01&#8243; button_two_text_color_hover=&#8221;#6eba01&#8243; button_one_border_color_hover=&#8221;#ffffff&#8221; button_two_border_color_hover=&#8221;#ffffff&#8221; button_one_border_radius_hover=&#8221;0&#8243; button_two_border_radius_hover=&#8221;0&#8243; button_one_letter_spacing_hover=&#8221;2&#8243; button_two_letter_spacing_hover=&#8221;2&#8243; button_one_bg_color_hover=&#8221;#ffffff&#8221; button_two_bg_color_hover=&#8221;#ffffff&#8221; button_one_text_size__hover_enabled=&#8221;off&#8221; button_two_text_size__hover_enabled=&#8221;off&#8221; button_one_text_color__hover_enabled=&#8221;off|desktop&#8221; button_one_text_color__hover=&#8221;#6eba01&#8243; button_two_text_color__hover_enabled=&#8221;on&#8221; button_two_text_color__hover=&#8221;#6eba01&#8243; button_one_border_width__hover_enabled=&#8221;off&#8221; button_two_border_width__hover_enabled=&#8221;off&#8221; button_one_border_color__hover_enabled=&#8221;off|desktop&#8221; button_one_border_color__hover=&#8221;#ffffff&#8221; button_two_border_color__hover_enabled=&#8221;on&#8221; button_two_border_color__hover=&#8221;#ffffff&#8221; button_one_border_radius__hover_enabled=&#8221;off|desktop&#8221; button_one_border_radius__hover=&#8221;0&#8243; button_two_border_radius__hover_enabled=&#8221;on&#8221; button_two_border_radius__hover=&#8221;0&#8243; button_one_letter_spacing__hover_enabled=&#8221;on|hover&#8221; button_one_letter_spacing__hover=&#8221;4px&#8221; button_two_letter_spacing__hover_enabled=&#8221;on&#8221; button_two_letter_spacing__hover=&#8221;2&#8243; button_one_bg_color__hover_enabled=&#8221;off|desktop&#8221; button_one_bg_color__hover=&#8221;#ffffff&#8221; button_two_bg_color__hover_enabled=&#8221;on&#8221; button_two_bg_color__hover=&#8221;#ffffff&#8221;][\/et_pb_fullwidth_header][\/et_pb_section][et_pb_section fb_built=&#8221;1&#8243; custom_padding_last_edited=&#8221;on|tablet&#8221; admin_label=&#8221;Services&#8221; _builder_version=&#8221;4.6.1&#8243; custom_padding=&#8221;80px|0px|80px|0px|true|&#8221; custom_padding_tablet=&#8221;40px||40px||true|false&#8221; custom_padding_phone=&#8221;&#8221;][et_pb_row _builder_version=&#8221;4.6.1&#8243; background_color=&#8221;rgba(190,24,24,0.91)&#8221; width=&#8221;100%&#8221; max_width=&#8221;100%&#8221; custom_margin=&#8221;-80px||||false|false&#8221; custom_padding=&#8221;60px|10%|60px|10%|true|true&#8221;][et_pb_column type=&#8221;4_4&#8243; _builder_version=&#8221;4.4.8&#8243;][et_pb_image src=&#8221;http:\/\/maximosconsultoria.com.br\/wp-content\/uploads\/2020\/08\/elionae-maximo.jpg&#8221; title_text=&#8221;elionae-maximo&#8221; _builder_version=&#8221;4.6.1&#8243; width=&#8221;150px&#8221; max_width=&#8221;150px&#8221; module_alignment=&#8221;left&#8221; filter_saturate=&#8221;75%&#8221; border_radii=&#8221;on|5px|5px|5px|5px&#8221;][\/et_pb_image][et_pb_divider color=&#8221;#1d1d1b&#8221; divider_weight=&#8221;4px&#8221; _builder_version=&#8221;4.4.8&#8243; width=&#8221;15%&#8221; module_alignment=&#8221;left&#8221; custom_margin=&#8221;||10px||false|false&#8221;][\/et_pb_divider][et_pb_text _builder_version=&#8221;4.6.1&#8243; text_font=&#8221;Lato||||||||&#8221; text_text_color=&#8221;#ffffff&#8221; text_font_size=&#8221;16px&#8221; text_line_height=&#8221;1.9em&#8221; link_font=&#8221;Lato||||||||&#8221; ul_font=&#8221;Lato||||||||&#8221; ol_font=&#8221;Lato||||||||&#8221; quote_font=&#8221;Lato||||||||&#8221; header_2_font=&#8221;Lato|700|||||||&#8221; header_2_text_align=&#8221;left&#8221; header_2_text_color=&#8221;#ffffff&#8221; header_2_font_size=&#8221;36px&#8221; text_orientation=&#8221;justified&#8221; background_layout=&#8221;dark&#8221;]<\/p>\n<h2>Elionae Dantas M\u00e1ximo<\/h2>\n<p style=\"text-align: justify;\">Biochemical pharmacist, graduated from the UFRJ, Specialist in Good Manufacturing and Control Practices from the Ministry of Health, through OPAS, Specialist in Food Technology from the UFRJ.<\/p>\n<p style=\"text-align: justify;\">Head of Inspection of the Sanitary Cleaning Area of the Sanitizing Division of the National Health Surveillance Secretariat, now ANVISA (National Health Surveillance Agency), for 7 (seven) years;<\/p>\n<p style=\"text-align: justify;\">Regulatory Affairs Manager at Ceras Johnson Ltda - 1986 to 1995; Consultant at ABIPLA for Regulatory matters and Good Manufacturing and Control Practices for Sanitizing Products, since 2006, with participation in the training of technicians from associated companies in Good Manufacturing and Control Practices;<\/p>\n<p style=\"text-align: justify;\">Auditor in pharmaceutical, cosmetics, medical devices, sanitizing industries in Brazil.<\/p>\n<p style=\"text-align: justify;\">Technical Director of M\u00e1ximo\u00b4s Consultoria Farmac\u00eautica since 1996;<\/p>\n<p style=\"text-align: justify;\">Professor of Graduate Courses at Instituto Racine, based in S\u00e3o Paulo and ICTQ, based in An\u00e1polis<span style=\"font-size: 16px;\">\u00a0<\/span><\/p>\n<p>[\/et_pb_text][\/et_pb_column][\/et_pb_row][et_pb_row _builder_version=&#8221;4.4.8&#8243; max_width=&#8221;100%&#8221;][et_pb_column type=&#8221;4_4&#8243; _builder_version=&#8221;4.4.8&#8243;][et_pb_text _builder_version=&#8221;4.6.1&#8243; text_font=&#8221;Lato||||||||&#8221; text_text_color=&#8221;#1d1d1b&#8221; text_font_size=&#8221;16px&#8221; text_line_height=&#8221;1.9em&#8221; link_font=&#8221;Lato||||||||&#8221; ul_font=&#8221;Lato||||||||&#8221; ol_font=&#8221;Lato||||||||&#8221; quote_font=&#8221;Lato||||||||&#8221; header_2_font=&#8221;Lato|700|||||||&#8221; header_2_text_align=&#8221;center&#8221; header_2_text_color=&#8221;#1d1d1b&#8221; header_2_font_size=&#8221;36px&#8221; text_orientation=&#8221;justified&#8221; background_layout=&#8221;dark&#8221; locked=&#8221;off&#8221;]<\/p>\n<p style=\"text-align: justify;\" class=\" translation-block\">M\u00e1ximos Consultoria was founded by the pharmaceutical company Elionae M\u00e1ximo. For 7 (seven) years, she had the responsibility of leading the inspection sector in the clean products area of the former National Health\nSurveillance Secretariat, currently Anvisa - National Health Surveillance Agency,\na function which she acquired extensive technical experience.<\/p>\n<p style=\"text-align: justify;\">Subsequently, she opted to work in the private sector at a multinational company, having in this new position the responsibility of being the Manager of Regulatory Affairs at Ceras Johnson Ltda from 1986 to 1995.<\/p>\n<p style=\"text-align: justify;\" class=\" translation-block\">In 1996, new professional opportunities were before her and aiming to put into\npractice the knowledge acquired throughout her profession, Elionae M\u00e1ximo inaugurated M\u00e1ximos Consultoria T\u00e9cnica Farmac\u00eautica acting in different segments in the regulatory area, initially in the area of clean products, cosmetics and foods. Over the years, M\u00e1ximos Consultoria has expanded and competent professionals have been trained and working in our team.<\/p>\n<p style=\"text-align: justify;\">Due to the wide experience acquired in the sanitizing area by the consultant, ABIPLA - Brazilian Association of Industries of Hygiene, Cleaning and Sanitizing Products made an invitation in 2006 for Elionae M\u00e1ximo to be its newest consultant in the area, an institution that the pharmaceutical company acted providing excellent services for its members for many years, carrying out training on the techniques of the associated companies in Good Manufacturing and\nControl Practices, and to this day establishes a technical partnership with the association.<\/p>\n<p style=\"text-align: justify;\">Through technological advances in the country, regularization of companies has been required in the main capitals of Brazil and, consequently, new services have been demanded for M\u00e1ximos Consultoria, including the study and preparation of dossiers for regularization of drugs and medical devices.<\/p>\n<p style=\"text-align: justify;\">The experience in the area of medical devices (formerly related nomenclature) reached its peak throughout the 2000s, with the expansion of this segment in Brazil and the implementation of Good Practices for Manufacturing and Control and Good Practices for Distribution and Storage of Products for Health, a time when the Consultancy was able to provide services throughout Brazil, not only implementing a quality system together with its customers based on the health legislation in force at the time, but also regularizing health products with Anvisa.<\/p>\n<p style=\"text-align: justify;\" class=\" translation-block\">Our founder has multiplied the knowledge acquired over the years, training and qualifying her team from M\u00e1ximos Consultoria and conducting training courses offered at ICTQ educational institutions,\nRacine Institute and other postgraduate courses in the technical area. (Currently undergoing training expansion through M\u00e1ximos Treinamento on EAD platform)<\/p>\n<p style=\"text-align: justify;\">Finally, the results acquired and the recognition of clients and professionals who work and worked either directly or indirectly with the consultancy, is the certainty that a dream, a goal that started in past decades, has become reality through will and direction of God in the life of the pharmacist and entrepreneur Elionae M\u00e1ximo, as she herself believes and always emphasizes in her training, meetings and for her entire team.<\/p>\n<p style=\"text-align: justify;\">Currently M\u00e1ximos Consultoria has highly qualified professionals ready to meet the needs of your business with regard to the regulatory\narea, and every day it has expanded its area of operation.<\/p>\n<p style=\"text-align: justify;\"><strong>Look for our services and we will surely present the best regulatory alternative for your enterprise<\/strong><\/p>\n<p>[\/et_pb_text][\/et_pb_column][\/et_pb_row][\/et_pb_section]<\/p>","protected":false},"excerpt":{"rendered":"<p>Elionae Dantas M\u00e1ximo Farmac\u00eautica bioqu\u00edmica, graduada pela Faculdade de Farm\u00e1cia da Universidade Federal do Rio de Janeiro, Especialista em Boas Pr\u00e1ticas de Fabrica\u00e7\u00e3o e Controle pelo Minist\u00e9rio da Sa\u00fade , atrav\u00e9s da OPAS, Especialista em Tecnologia de Alimentos pela Universidade Federal do Rio de Janeiro, MBA em Gest\u00e3o de Qualidade pela Universidade Federal Fluminense. Auditora [&hellip;]<\/p>","protected":false},"author":1,"featured_media":0,"parent":0,"menu_order":0,"comment_status":"closed","ping_status":"closed","template":"","meta":{"_et_pb_use_builder":"on","_et_pb_old_content":"","_et_gb_content_width":"","inline_featured_image":false,"footnotes":""},"yoast_head":"<!-- This site is optimized with the Yoast SEO plugin v22.0 - https:\/\/yoast.com\/wordpress\/plugins\/seo\/ -->\n<title>Hist\u00f3ria - Maximos<\/title>\n<meta name=\"robots\" content=\"index, follow, max-snippet:-1, max-image-preview:large, max-video-preview:-1\" \/>\n<link rel=\"canonical\" href=\"https:\/\/maximosconsultoria.com.br\/en\/historia\/\" \/>\n<meta property=\"og:locale\" content=\"en_US\" \/>\n<meta property=\"og:type\" content=\"article\" \/>\n<meta property=\"og:title\" content=\"Hist\u00f3ria - Maximos\" \/>\n<meta property=\"og:description\" content=\"Elionae Dantas M\u00e1ximo Farmac\u00eautica bioqu\u00edmica, graduada pela Faculdade de Farm\u00e1cia da Universidade Federal do Rio de Janeiro, Especialista em Boas Pr\u00e1ticas de Fabrica\u00e7\u00e3o e Controle pelo Minist\u00e9rio da Sa\u00fade , atrav\u00e9s da OPAS, Especialista em Tecnologia de Alimentos pela Universidade Federal do Rio de Janeiro, MBA em Gest\u00e3o de Qualidade pela Universidade Federal Fluminense. Auditora [&hellip;]\" \/>\n<meta property=\"og:url\" content=\"https:\/\/maximosconsultoria.com.br\/en\/historia\/\" \/>\n<meta property=\"og:site_name\" content=\"Maximos\" \/>\n<meta property=\"article:modified_time\" content=\"2020-10-08T14:39:35+00:00\" \/>\n<meta name=\"twitter:card\" content=\"summary_large_image\" \/>\n<meta name=\"twitter:label1\" content=\"Est. reading time\" \/>\n\t<meta name=\"twitter:data1\" content=\"8 minutes\" \/>\n<script type=\"application\/ld+json\" class=\"yoast-schema-graph\">{\"@context\":\"https:\/\/schema.org\",\"@graph\":[{\"@type\":\"WebPage\",\"@id\":\"https:\/\/maximosconsultoria.com.br\/historia\/\",\"url\":\"https:\/\/maximosconsultoria.com.br\/historia\/\",\"name\":\"Hist\u00f3ria - Maximos\",\"isPartOf\":{\"@id\":\"https:\/\/maximosconsultoria.com.br\/#website\"},\"datePublished\":\"2020-08-13T14:21:16+00:00\",\"dateModified\":\"2020-10-08T14:39:35+00:00\",\"breadcrumb\":{\"@id\":\"https:\/\/maximosconsultoria.com.br\/historia\/#breadcrumb\"},\"inLanguage\":\"en-US\",\"potentialAction\":[{\"@type\":\"ReadAction\",\"target\":[\"https:\/\/maximosconsultoria.com.br\/historia\/\"]}]},{\"@type\":\"BreadcrumbList\",\"@id\":\"https:\/\/maximosconsultoria.com.br\/historia\/#breadcrumb\",\"itemListElement\":[{\"@type\":\"ListItem\",\"position\":1,\"name\":\"Home\",\"item\":\"https:\/\/maximosconsultoria.com.br\/\"},{\"@type\":\"ListItem\",\"position\":2,\"name\":\"Hist\u00f3ria\"}]},{\"@type\":\"WebSite\",\"@id\":\"https:\/\/maximosconsultoria.com.br\/#website\",\"url\":\"https:\/\/maximosconsultoria.com.br\/\",\"name\":\"Maximos\",\"description\":\"M\u00c1XIMOS CONSULTORIA \/ ANVISA-VISA -INMETRO-MAPA\",\"potentialAction\":[{\"@type\":\"SearchAction\",\"target\":{\"@type\":\"EntryPoint\",\"urlTemplate\":\"https:\/\/maximosconsultoria.com.br\/?s={search_term_string}\"},\"query-input\":\"required name=search_term_string\"}],\"inLanguage\":\"en-US\"}]}<\/script>\n<!-- \/ Yoast SEO plugin. -->","yoast_head_json":{"title":"Hist\u00f3ria - Maximos","robots":{"index":"index","follow":"follow","max-snippet":"max-snippet:-1","max-image-preview":"max-image-preview:large","max-video-preview":"max-video-preview:-1"},"canonical":"https:\/\/maximosconsultoria.com.br\/en\/historia\/","og_locale":"en_US","og_type":"article","og_title":"Hist\u00f3ria - Maximos","og_description":"Elionae Dantas M\u00e1ximo Farmac\u00eautica bioqu\u00edmica, graduada pela Faculdade de Farm\u00e1cia da Universidade Federal do Rio de Janeiro, Especialista em Boas Pr\u00e1ticas de Fabrica\u00e7\u00e3o e Controle pelo Minist\u00e9rio da Sa\u00fade , atrav\u00e9s da OPAS, Especialista em Tecnologia de Alimentos pela Universidade Federal do Rio de Janeiro, MBA em Gest\u00e3o de Qualidade pela Universidade Federal Fluminense. Auditora [&hellip;]","og_url":"https:\/\/maximosconsultoria.com.br\/en\/historia\/","og_site_name":"Maximos","article_modified_time":"2020-10-08T14:39:35+00:00","twitter_card":"summary_large_image","twitter_misc":{"Est. reading time":"8 minutes"},"schema":{"@context":"https:\/\/schema.org","@graph":[{"@type":"WebPage","@id":"https:\/\/maximosconsultoria.com.br\/historia\/","url":"https:\/\/maximosconsultoria.com.br\/historia\/","name":"Hist\u00f3ria - Maximos","isPartOf":{"@id":"https:\/\/maximosconsultoria.com.br\/#website"},"datePublished":"2020-08-13T14:21:16+00:00","dateModified":"2020-10-08T14:39:35+00:00","breadcrumb":{"@id":"https:\/\/maximosconsultoria.com.br\/historia\/#breadcrumb"},"inLanguage":"en-US","potentialAction":[{"@type":"ReadAction","target":["https:\/\/maximosconsultoria.com.br\/historia\/"]}]},{"@type":"BreadcrumbList","@id":"https:\/\/maximosconsultoria.com.br\/historia\/#breadcrumb","itemListElement":[{"@type":"ListItem","position":1,"name":"Home","item":"https:\/\/maximosconsultoria.com.br\/"},{"@type":"ListItem","position":2,"name":"Hist\u00f3ria"}]},{"@type":"WebSite","@id":"https:\/\/maximosconsultoria.com.br\/#website","url":"https:\/\/maximosconsultoria.com.br\/","name":"Maximos","description":"M\u00c1XIMOS CONSULTORIA \/ ANVISA-VISA -INMETRO-MAPA","potentialAction":[{"@type":"SearchAction","target":{"@type":"EntryPoint","urlTemplate":"https:\/\/maximosconsultoria.com.br\/?s={search_term_string}"},"query-input":"required name=search_term_string"}],"inLanguage":"en-US"}]}},"_links":{"self":[{"href":"https:\/\/maximosconsultoria.com.br\/en\/wp-json\/wp\/v2\/pages\/611"}],"collection":[{"href":"https:\/\/maximosconsultoria.com.br\/en\/wp-json\/wp\/v2\/pages"}],"about":[{"href":"https:\/\/maximosconsultoria.com.br\/en\/wp-json\/wp\/v2\/types\/page"}],"author":[{"embeddable":true,"href":"https:\/\/maximosconsultoria.com.br\/en\/wp-json\/wp\/v2\/users\/1"}],"replies":[{"embeddable":true,"href":"https:\/\/maximosconsultoria.com.br\/en\/wp-json\/wp\/v2\/comments?post=611"}],"version-history":[{"count":11,"href":"https:\/\/maximosconsultoria.com.br\/en\/wp-json\/wp\/v2\/pages\/611\/revisions"}],"predecessor-version":[{"id":1192,"href":"https:\/\/maximosconsultoria.com.br\/en\/wp-json\/wp\/v2\/pages\/611\/revisions\/1192"}],"wp:attachment":[{"href":"https:\/\/maximosconsultoria.com.br\/en\/wp-json\/wp\/v2\/media?parent=611"}],"curies":[{"name":"wp","href":"https:\/\/api.w.org\/{rel}","templated":true}]}}