{"id":616,"date":"2020-08-13T11:45:50","date_gmt":"2020-08-13T14:45:50","guid":{"rendered":"https:\/\/maximosconsultoria.com.br\/?page_id=616"},"modified":"2020-10-16T20:55:38","modified_gmt":"2020-10-16T23:55:38","slug":"anvisa","status":"publish","type":"page","link":"https:\/\/maximosconsultoria.com.br\/en\/anvisa\/","title":{"rendered":"ANVISA"},"content":{"rendered":"<p>[et_pb_section fb_built=&#8221;1&#8243; fullwidth=&#8221;on&#8221; admin_label=&#8221;Page Header&#8221; _builder_version=&#8221;4.4.8&#8243; background_image=&#8221;https:\/\/maximosconsultoria.com.br\/wp-content\/uploads\/2020\/07\/bg-rio-de-janeiro-maximos-consultoria.jpg&#8221;][et_pb_fullwidth_header title=&#8221;@ET-DC@eyJkeW5hbWljIjp0cnVlLCJjb250ZW50IjoicG9zdF90aXRsZSIsInNldHRpbmdzIjp7ImJlZm9yZSI6IiIsImFmdGVyIjoiIn19@&#8221; text_orientation=&#8221;center&#8221; button_one_url=&#8221;#&#8221; button_two_url=&#8221;#&#8221; content_max_width=&#8221;99%&#8221; admin_label=&#8221;Hero Section&#8221; _builder_version=&#8221;4.4.8&#8243; _dynamic_attributes=&#8221;title&#8221; title_font=&#8221;Lato|700|||||||&#8221; title_font_size=&#8221;40px&#8221; title_line_height=&#8221;1.4em&#8221; content_font=&#8221;Lato||||||||&#8221; content_font_size=&#8221;19px&#8221; content_line_height=&#8221;1.8em&#8221; subhead_font=&#8221;Lato||||||||&#8221; content_link_font=&#8221;Lato||||||||&#8221; content_ul_font=&#8221;Lato||||||||&#8221; content_ol_font=&#8221;Lato||||||||&#8221; content_quote_font=&#8221;Lato||||||||&#8221; background_color=&#8221;rgba(255,255,255,0)&#8221; use_background_color_gradient=&#8221;on&#8221; background_color_gradient_start=&#8221;rgba(190,24,24,0.9)&#8221; background_color_gradient_end=&#8221;rgba(227,6,19,0.7)&#8221; custom_button_one=&#8221;on&#8221; button_one_text_size=&#8221;18px&#8221; button_one_text_color=&#8221;#ffffff&#8221; button_one_bg_color=&#8221;#1d1d1b&#8221; button_one_border_width=&#8221;2px&#8221; button_one_border_color=&#8221;#1d1d1b&#8221; button_one_letter_spacing=&#8221;2&#8243; button_one_font=&#8221;Lato|700|||||||&#8221; button_one_use_icon=&#8221;off&#8221; custom_button_two=&#8221;on&#8221; button_two_text_size=&#8221;16px&#8221; button_two_border_width=&#8221;2px&#8221; button_two_border_color=&#8221;#ffffff&#8221; button_two_border_radius=&#8221;0&#8243; button_two_letter_spacing=&#8221;2&#8243; button_two_font=&#8221;Lato||||||||&#8221; button_two_use_icon=&#8221;off&#8221; width=&#8221;100%&#8221; max_width=&#8221;100%&#8221; module_alignment=&#8221;center&#8221; custom_margin=&#8221;|||&#8221; animation_style=&#8221;fade&#8221; custom_css_logo=&#8221;max-width: 40%;\t&#8221; button_one_text_color_hover=&#8221;#6eba01&#8243; button_two_text_color_hover=&#8221;#6eba01&#8243; button_one_border_color_hover=&#8221;#ffffff&#8221; button_two_border_color_hover=&#8221;#ffffff&#8221; button_one_border_radius_hover=&#8221;0&#8243; button_two_border_radius_hover=&#8221;0&#8243; button_one_letter_spacing_hover=&#8221;2&#8243; button_two_letter_spacing_hover=&#8221;2&#8243; button_one_bg_color_hover=&#8221;#ffffff&#8221; button_two_bg_color_hover=&#8221;#ffffff&#8221; button_one_text_size__hover_enabled=&#8221;off&#8221; button_two_text_size__hover_enabled=&#8221;off&#8221; button_one_text_color__hover_enabled=&#8221;off|desktop&#8221; button_one_text_color__hover=&#8221;#6eba01&#8243; button_two_text_color__hover_enabled=&#8221;on&#8221; button_two_text_color__hover=&#8221;#6eba01&#8243; button_one_border_width__hover_enabled=&#8221;off&#8221; button_two_border_width__hover_enabled=&#8221;off&#8221; button_one_border_color__hover_enabled=&#8221;off|desktop&#8221; button_one_border_color__hover=&#8221;#ffffff&#8221; button_two_border_color__hover_enabled=&#8221;on&#8221; button_two_border_color__hover=&#8221;#ffffff&#8221; button_one_border_radius__hover_enabled=&#8221;off|desktop&#8221; button_one_border_radius__hover=&#8221;0&#8243; button_two_border_radius__hover_enabled=&#8221;on&#8221; button_two_border_radius__hover=&#8221;0&#8243; button_one_letter_spacing__hover_enabled=&#8221;on|hover&#8221; button_one_letter_spacing__hover=&#8221;4px&#8221; button_two_letter_spacing__hover_enabled=&#8221;on&#8221; button_two_letter_spacing__hover=&#8221;2&#8243; button_one_bg_color__hover_enabled=&#8221;off|desktop&#8221; button_one_bg_color__hover=&#8221;#ffffff&#8221; button_two_bg_color__hover_enabled=&#8221;on&#8221; button_two_bg_color__hover=&#8221;#ffffff&#8221;][\/et_pb_fullwidth_header][\/et_pb_section][et_pb_section fb_built=&#8221;1&#8243; admin_label=&#8221;Services&#8221; _builder_version=&#8221;4.4.8&#8243; custom_padding=&#8221;80px|0px|80px|0px|true|&#8221;][et_pb_row module_id=&#8221;ptbr&#8221; _builder_version=&#8221;4.6.1&#8243; max_width=&#8221;100%&#8221;][et_pb_column type=&#8221;4_4&#8243; _builder_version=&#8221;4.4.8&#8243;][et_pb_divider color=&#8221;#706f6f&#8221; divider_weight=&#8221;4px&#8221; _builder_version=&#8221;4.4.8&#8243; width=&#8221;15%&#8221; module_alignment=&#8221;left&#8221; custom_margin=&#8221;||10px||false|false&#8221;][\/et_pb_divider][et_pb_text _builder_version=&#8221;4.6.1&#8243; text_font=&#8221;Lato||||||||&#8221; text_text_color=&#8221;#1d1d1b&#8221; text_font_size=&#8221;16px&#8221; text_line_height=&#8221;1.9em&#8221; link_font=&#8221;Lato||||||||&#8221; ul_font=&#8221;Lato||||||||&#8221; ol_font=&#8221;Lato||||||||&#8221; quote_font=&#8221;Lato||||||||&#8221; header_2_font=&#8221;Lato|700|||||||&#8221; header_2_text_align=&#8221;left&#8221; header_2_text_color=&#8221;#1d1d1b&#8221; header_2_font_size=&#8221;36px&#8221; header_3_text_color=&#8221;#000000&#8243; background_layout=&#8221;dark&#8221; locked=&#8221;off&#8221;]<\/p>\n<h2>Cadastro Empresa<\/h2>\n<ul>\n<li>Cadastramento de Empresa;<\/li>\n<li>Cadastramento de Gestor de Seguran\u00e7a;<\/li>\n<li>Cadastramento de Respons\u00e1vel Legal;<\/li>\n<li>Cadastramento de Respons\u00e1vel T\u00e9cnico;<\/li>\n<li>Recupera\u00e7\u00e3o ou Altera\u00e7\u00e3o de Senha \u2013 Pessoa F\u00edsica;<\/li>\n<li>Recupera\u00e7\u00e3o ou Altera\u00e7\u00e3o de Senha \u2013 Pessoa Jur\u00eddica;<\/li>\n<li>Atualiza\u00e7\u00e3o do porte.<\/li>\n<\/ul>\n<h2>AFE &#8211; Autoriza\u00e7\u00e3o de funcionamento<\/h2>\n<ul>\n<li>Concess\u00e3o de Autoriza\u00e7\u00e3o de Funcionamento de Empresa (AFE) para Medicamentos, Insumos Farmac\u00eauticos, Produtos para Sa\u00fade (Correlatos), Saneantes, Alimentos, Cosm\u00e9ticos, Perfumes e Produtos de Higiene;<\/li>\n<li>Concess\u00e3o de Autoriza\u00e7\u00e3o de Funcionamento Especial (AE) para Medicamentos e Insumos Farmac\u00eauticos;<\/li>\n<li>Concess\u00e3o de Certifica\u00e7\u00e3o de Boas Pr\u00e1ticas de Distribui\u00e7\u00e3o e Armazenamento (CBPDA);<\/li>\n<li>Concess\u00e3o de Certifica\u00e7\u00e3o de Boas Pr\u00e1ticas de Fabrica\u00e7\u00e3o (CBPF);<\/li>\n<li>Altera\u00e7\u00e3o na Autoriza\u00e7\u00e3o de Funcionamento de Empresa (AFE\/ AE): Endere\u00e7o, Raz\u00e3o Social, Respons\u00e1vel Legal, Respons\u00e1vel T\u00e9cnico, Gestor de Seguran\u00e7a;<\/li>\n<li>Amplia\u00e7\u00e3o ou Redu\u00e7\u00e3o de Atividades; Amplia\u00e7\u00e3o ou Redu\u00e7\u00e3o de Classes;<\/li>\n<li>Certificado de Autoriza\u00e7\u00e3o de Funcionamento de Empresa (AFE e AE);<\/li>\n<li>Concess\u00e3o de Certid\u00e3o de Exporta\u00e7\u00e3o do Produto;<\/li>\n<li>Peticionamento eletr\u00f4nico;<\/li>\n<li>Acompanhamento de Processo;<\/li>\n<li>Acompanhamento do Di\u00e1rio Oficial da Uni\u00e3o \u2013 DOU;<\/li>\n<li>Cumprimento de Exig\u00eancia.<\/li>\n<\/ul>\n<h2>Regulariza\u00e7\u00e3o de Produtos em todos os segmentos submetidos \u00e0 regula\u00e7\u00e3o na ANVISA<\/h2>\n<p>Registro, Altera\u00e7\u00f5es, modifica\u00e7\u00f5es, retifica\u00e7\u00f5es, inclus\u00f5es de produtos na Ag\u00eancia reguladora nos segmentos de:<\/p>\n<ul>\n<li>Produtos para sa\u00fade;<\/li>\n<li>Cosm\u00e9ticos e higiene pessoal;<\/li>\n<li>Medicamentos;<\/li>\n<li>Saneantes;<\/li>\n<li>Alimentos;<\/li>\n<li>Elabora\u00e7\u00e3o de conte\u00fado de r\u00f3tulos e embalagens de produtos;<\/li>\n<\/ul>\n<h2>Regula\u00e7\u00e3o quanto \u00e0 importa\u00e7\u00e3o<\/h2>\n<ul>\n<li>Comunicado sobre In\u00edcio de Importa\u00e7\u00e3o\/Fabrica\u00e7\u00e3o de Alimentos;<\/li>\n<\/ul>\n<h2>Auditorias para fins de Implanta\u00e7\u00e3o \/ Adequa\u00e7\u00e3o ou Peri\u00f3dica. Todas com foco nos requisitos descritos na legisla\u00e7\u00e3o sanit\u00e1ria em vigor<\/h2>\n<p>As auditorias de primeira ou segunda parte ser\u00e1 feita em sua empresa por meio de profissionais qualificados e capacitados da M\u00e1ximos Consultoria . Ao final de cada auditoria estaremos apresentando \u00e0 Alta dire\u00e7\u00e3o da empresa o relat\u00f3rio contendo cada item verificando durante a auditoria.<\/p>\n<p><strong>Modalidades de auditoria disponiveis:<\/strong><\/p>\n<p>\u2022 As auditorias poder\u00e3o ser feitas em Ind\u00fastrias, Importadores, Distribuidores, Servi\u00e7os de sa\u00fade e demais estabelecimentos submetidos a regula\u00e7\u00e3o da Autarquia especial ( Anvisa ).<\/p>\n<h2>Servi\u00e7os Adicionais<\/h2>\n<ul>\n<li>Retifica\u00e7\u00e3o de Publica\u00e7\u00e3o no Di\u00e1rio Oficial da Uni\u00e3o \u2013 DOU;<\/li>\n<li>Servi\u00e7o de Apostilamento e Reconhecimento de Firmas;<\/li>\n<li>Servi\u00e7o de Protocolo e Retirada de documentos em Bras\u00edlia\/DF ( Exceto os que j\u00e1 est\u00e3o em formato virtual implantados pela Autarquia especial)<br \/>Transfer\u00eancia de Titularidade de registro de produto.<\/li>\n<\/ul>\n<p>[\/et_pb_text][\/et_pb_column][\/et_pb_row][et_pb_row disabled_on=&#8221;off|off|off&#8221; module_id=&#8221;en&#8221; _builder_version=&#8221;4.6.1&#8243; max_width=&#8221;100%&#8221; custom_css_main_element=&#8221;display:none;&#8221;][et_pb_column type=&#8221;4_4&#8243; _builder_version=&#8221;4.4.8&#8243;][et_pb_text _builder_version=&#8221;4.6.1&#8243; text_font=&#8221;Lato||||||||&#8221; text_text_color=&#8221;#1d1d1b&#8221; text_font_size=&#8221;16px&#8221; text_line_height=&#8221;1.9em&#8221; link_font=&#8221;Lato||||||||&#8221; ul_font=&#8221;Lato||||||||&#8221; ol_font=&#8221;Lato||||||||&#8221; quote_font=&#8221;Lato||||||||&#8221; header_2_font=&#8221;Lato|700|||||||&#8221; header_2_text_align=&#8221;left&#8221; header_2_text_color=&#8221;#1d1d1b&#8221; header_2_font_size=&#8221;36px&#8221; header_3_text_color=&#8221;#000000&#8243; background_layout=&#8221;dark&#8221; locked=&#8221;off&#8221;]We regularize your products and your company and establish compliance in accordance with Brazilian regulatory practices.[\/et_pb_text][et_pb_code _builder_version=&#8221;4.6.1&#8243; _module_preset=&#8221;default&#8221; hover_enabled=&#8221;0&#8243; sticky_enabled=&#8221;0&#8243;]<script><!-- [et_pb_line_break_holder] --><!-- [et_pb_line_break_holder] -->var url_atual = window.location.href;<!-- [et_pb_line_break_holder] -->var traducaoPortugues = document.getElementById(\"ptbr\");<!-- [et_pb_line_break_holder] -->var traducaoIngles = document.getElementById(\"en\");<!-- [et_pb_line_break_holder] --><!-- [et_pb_line_break_holder] -->if (url_atual.indexOf(\"\/en\/\") >=0) {<!-- [et_pb_line_break_holder] -->    traducaoPortugues.style.display =\"none\";    <!-- [et_pb_line_break_holder] -->    traducaoIngles.style.display = \"block\";<!-- [et_pb_line_break_holder] -->}<!-- [et_pb_line_break_holder] --><!-- [et_pb_line_break_holder] --><!-- [et_pb_line_break_holder] --><!-- [et_pb_line_break_holder] --><\/script>[\/et_pb_code][\/et_pb_column][\/et_pb_row][\/et_pb_section][et_pb_section fb_built=&#8221;1&#8243; module_id=&#8221;orcamento&#8221; _builder_version=&#8221;4.6.1&#8243; background_color=&#8221;#be1818&#8243; custom_padding=&#8221;50px||50px||true|&#8221; saved_tabs=&#8221;all&#8221; global_module=&#8221;1329&#8243;][et_pb_row _builder_version=&#8221;3.25&#8243; background_size=&#8221;initial&#8221; background_position=&#8221;top_left&#8221; background_repeat=&#8221;repeat&#8221; custom_width_px=&#8221;710px&#8221;][et_pb_column type=&#8221;4_4&#8243; _builder_version=&#8221;3.25&#8243; background_position=&#8221;top_left&#8221; custom_padding=&#8221;|||&#8221; custom_padding__hover=&#8221;|||&#8221;][et_pb_text admin_label=&#8221;Request Section Title&#8221; _builder_version=&#8221;4.4.8&#8243; text_font=&#8221;Lato||||||||&#8221; link_font=&#8221;Lato||||||||&#8221; ul_font=&#8221;Lato||||||||&#8221; ol_font=&#8221;Lato||||||||&#8221; quote_font=&#8221;Lato||||||||&#8221; header_font=&#8221;Lato||||||||&#8221; header_font_size=&#8221;36px&#8221; header_2_font=&#8221;Lato||||||||&#8221; header_3_font=&#8221;Lato||||||||&#8221; header_4_font=&#8221;Lato||||||||&#8221; header_5_font=&#8221;Lato||||||||&#8221; header_6_font=&#8221;Lato||||||||&#8221; text_orientation=&#8221;center&#8221; background_layout=&#8221;dark&#8221; max_width=&#8221;710px&#8221; module_alignment=&#8221;center&#8221; animation_style=&#8221;fold&#8221; animation_direction=&#8221;bottom&#8221; animation_intensity_fold=&#8221;20%&#8221;]<\/p>\n<h1>What is your regulatory doubt?<\/h1>\n<p>[\/et_pb_text][et_pb_text admin_label=&#8221;Request Section Subtitle&#8221; _builder_version=&#8221;4.4.8&#8243; text_font=&#8221;Lato||||||||&#8221; text_font_size=&#8221;16px&#8221; text_line_height=&#8221;1.9em&#8221; link_font=&#8221;Lato||||||||&#8221; ul_font=&#8221;Lato||||||||&#8221; ol_font=&#8221;Lato||||||||&#8221; quote_font=&#8221;Lato||||||||&#8221; header_font=&#8221;Lato||||||||&#8221; header_2_font=&#8221;Lato||||||||&#8221; header_3_font=&#8221;Lato||||||||&#8221; header_4_font=&#8221;Lato||||||||&#8221; header_5_font=&#8221;Lato||||||||&#8221; header_6_font=&#8221;Lato||||||||&#8221; background_size=&#8221;initial&#8221; background_position=&#8221;top_left&#8221; background_repeat=&#8221;repeat&#8221; text_orientation=&#8221;center&#8221; background_layout=&#8221;dark&#8221; module_alignment=&#8221;center&#8221; animation_style=&#8221;fold&#8221; animation_direction=&#8221;bottom&#8221; animation_intensity_fold=&#8221;20%&#8221;]<\/p>\n<p>Fill out the form below<\/p>\n<p>[\/et_pb_text][\/et_pb_column][\/et_pb_row][et_pb_row _builder_version=&#8221;4.6.1&#8243; hover_enabled=&#8221;0&#8243; module_id=&#8221;ptbr-form&#8221; sticky_enabled=&#8221;0&#8243;][et_pb_column type=&#8221;4_4&#8243; _builder_version=&#8221;4.4.8&#8243;][et_pb_code _builder_version=&#8221;4.4.8&#8243;][ninja_form id=2]\t[\/et_pb_code][et_pb_code _builder_version=&#8221;4.6.1&#8243; _module_preset=&#8221;default&#8221;]<script><!-- [et_pb_line_break_holder] --><!-- [et_pb_line_break_holder] -->var url_atual = window.location.href;<!-- [et_pb_line_break_holder] -->var traducaoPortugues = document.getElementById(\"ptbr\");<!-- [et_pb_line_break_holder] -->var traducaoIngles = document.getElementById(\"en\");<!-- [et_pb_line_break_holder] --><!-- [et_pb_line_break_holder] -->if (url_atual.indexOf(\"\/en\/\") >=0) {<!-- [et_pb_line_break_holder] -->    traducaoPortugues.style.display =\"none\";    <!-- [et_pb_line_break_holder] -->    traducaoIngles.style.display = \"block\";<!-- [et_pb_line_break_holder] -->}<!-- [et_pb_line_break_holder] --><!-- [et_pb_line_break_holder] --><!-- [et_pb_line_break_holder] --><!-- [et_pb_line_break_holder] --><\/script>[\/et_pb_code][\/et_pb_column][\/et_pb_row][et_pb_row _builder_version=&#8221;4.6.1&#8243; hover_enabled=&#8221;0&#8243; module_id=&#8221;en-form&#8221; sticky_enabled=&#8221;0&#8243; custom_css_main_element=&#8221;display: none;&#8221;][et_pb_column type=&#8221;4_4&#8243; _builder_version=&#8221;4.4.8&#8243;][et_pb_code _builder_version=&#8221;4.6.1&#8243; hover_enabled=&#8221;0&#8243; sticky_enabled=&#8221;0&#8243;][ninja_form id=4]\t[\/et_pb_code][\/et_pb_column][\/et_pb_row][\/et_pb_section][et_pb_section fb_built=&#8221;1&#8243; admin_label=&#8221;Esconde Form JS&#8221; _builder_version=&#8221;4.6.1&#8243; _module_preset=&#8221;default&#8221; custom_margin=&#8221;0px||0px||false|false&#8221; custom_padding=&#8221;0px||0px||false|false&#8221; global_module=&#8221;1317&#8243;][et_pb_row _builder_version=&#8221;4.6.1&#8243; _module_preset=&#8221;default&#8221; custom_margin=&#8221;0px||0px||false|false&#8221; custom_padding=&#8221;0px||0px||false|false&#8221; custom_css_main_element=&#8221;min-height:0px !important;&#8221;][et_pb_column type=&#8221;4_4&#8243; _builder_version=&#8221;4.6.1&#8243; _module_preset=&#8221;default&#8221; custom_padding=&#8221;0px||0px||false|false&#8221; custom_css_main_element=&#8221;min-height:0px !important;&#8221;][et_pb_code _builder_version=&#8221;4.6.1&#8243; _module_preset=&#8221;default&#8221; custom_margin=&#8221;0px||0px||false|false&#8221; custom_padding=&#8221;0px||0px||false|false&#8221;]<script><!-- [et_pb_line_break_holder] --><!-- [et_pb_line_break_holder] -->var url_atual = window.location.href;<!-- [et_pb_line_break_holder] -->var traducaoPortuguesForm = document.getElementById(\"ptbr-form\");<!-- [et_pb_line_break_holder] -->  var traducaoInglesForm = document.getElementById(\"en-form\");<!-- [et_pb_line_break_holder] --><!-- [et_pb_line_break_holder] --><!-- [et_pb_line_break_holder] --><!-- [et_pb_line_break_holder] -->if (url_atual.indexOf(\"\/en\/\") >=0) {<!-- [et_pb_line_break_holder] -->     traducaoPortuguesForm.style.display =\"none\";    <!-- [et_pb_line_break_holder] --><!-- [et_pb_line_break_holder] -->    traducaoInglesForm.style.display = \"block\";<!-- [et_pb_line_break_holder] -->}<!-- [et_pb_line_break_holder] --><!-- [et_pb_line_break_holder] --><!-- [et_pb_line_break_holder] --><!-- [et_pb_line_break_holder] --><\/script>[\/et_pb_code][\/et_pb_column][\/et_pb_row][\/et_pb_section]<\/p>","protected":false},"excerpt":{"rendered":"<p>Cadastro Empresa Cadastramento de Empresa; Cadastramento de Gestor de Seguran\u00e7a; Cadastramento de Respons\u00e1vel Legal; Cadastramento de Respons\u00e1vel T\u00e9cnico; Recupera\u00e7\u00e3o ou Altera\u00e7\u00e3o de Senha \u2013 Pessoa F\u00edsica; Recupera\u00e7\u00e3o ou Altera\u00e7\u00e3o de Senha \u2013 Pessoa Jur\u00eddica; Atualiza\u00e7\u00e3o do porte. AFE &#8211; Autoriza\u00e7\u00e3o de funcionamento Concess\u00e3o de Autoriza\u00e7\u00e3o de Funcionamento de Empresa (AFE) para Medicamentos, Insumos Farmac\u00eauticos, Produtos [&hellip;]<\/p>","protected":false},"author":1,"featured_media":0,"parent":0,"menu_order":0,"comment_status":"closed","ping_status":"closed","template":"","meta":{"_et_pb_use_builder":"on","_et_pb_old_content":"","_et_gb_content_width":"","inline_featured_image":false,"footnotes":""},"yoast_head":"<!-- This site is optimized with the Yoast SEO plugin v22.0 - https:\/\/yoast.com\/wordpress\/plugins\/seo\/ -->\n<title>ANVISA - Maximos<\/title>\n<meta name=\"robots\" content=\"index, follow, max-snippet:-1, max-image-preview:large, max-video-preview:-1\" \/>\n<link rel=\"canonical\" href=\"https:\/\/maximosconsultoria.com.br\/en\/anvisa\/\" \/>\n<meta property=\"og:locale\" content=\"en_US\" \/>\n<meta property=\"og:type\" content=\"article\" \/>\n<meta property=\"og:title\" content=\"ANVISA - Maximos\" \/>\n<meta property=\"og:description\" content=\"Cadastro Empresa Cadastramento de Empresa; Cadastramento de Gestor de Seguran\u00e7a; Cadastramento de Respons\u00e1vel Legal; Cadastramento de Respons\u00e1vel T\u00e9cnico; Recupera\u00e7\u00e3o ou Altera\u00e7\u00e3o de Senha \u2013 Pessoa F\u00edsica; Recupera\u00e7\u00e3o ou Altera\u00e7\u00e3o de Senha \u2013 Pessoa Jur\u00eddica; Atualiza\u00e7\u00e3o do porte. AFE - Autoriza\u00e7\u00e3o de funcionamento Concess\u00e3o de Autoriza\u00e7\u00e3o de Funcionamento de Empresa (AFE) para Medicamentos, Insumos Farmac\u00eauticos, Produtos [&hellip;]\" \/>\n<meta property=\"og:url\" content=\"https:\/\/maximosconsultoria.com.br\/en\/anvisa\/\" \/>\n<meta property=\"og:site_name\" content=\"Maximos\" \/>\n<meta property=\"article:modified_time\" content=\"2020-10-16T23:55:38+00:00\" \/>\n<meta name=\"twitter:card\" content=\"summary_large_image\" \/>\n<meta name=\"twitter:label1\" content=\"Est. reading time\" \/>\n\t<meta name=\"twitter:data1\" content=\"8 minutes\" \/>\n<script type=\"application\/ld+json\" class=\"yoast-schema-graph\">{\"@context\":\"https:\/\/schema.org\",\"@graph\":[{\"@type\":\"WebPage\",\"@id\":\"https:\/\/maximosconsultoria.com.br\/anvisa\/\",\"url\":\"https:\/\/maximosconsultoria.com.br\/anvisa\/\",\"name\":\"ANVISA - Maximos\",\"isPartOf\":{\"@id\":\"https:\/\/maximosconsultoria.com.br\/#website\"},\"datePublished\":\"2020-08-13T14:45:50+00:00\",\"dateModified\":\"2020-10-16T23:55:38+00:00\",\"breadcrumb\":{\"@id\":\"https:\/\/maximosconsultoria.com.br\/anvisa\/#breadcrumb\"},\"inLanguage\":\"en-US\",\"potentialAction\":[{\"@type\":\"ReadAction\",\"target\":[\"https:\/\/maximosconsultoria.com.br\/anvisa\/\"]}]},{\"@type\":\"BreadcrumbList\",\"@id\":\"https:\/\/maximosconsultoria.com.br\/anvisa\/#breadcrumb\",\"itemListElement\":[{\"@type\":\"ListItem\",\"position\":1,\"name\":\"Home\",\"item\":\"https:\/\/maximosconsultoria.com.br\/\"},{\"@type\":\"ListItem\",\"position\":2,\"name\":\"ANVISA\"}]},{\"@type\":\"WebSite\",\"@id\":\"https:\/\/maximosconsultoria.com.br\/#website\",\"url\":\"https:\/\/maximosconsultoria.com.br\/\",\"name\":\"Maximos\",\"description\":\"M\u00c1XIMOS CONSULTORIA \/ ANVISA-VISA -INMETRO-MAPA\",\"potentialAction\":[{\"@type\":\"SearchAction\",\"target\":{\"@type\":\"EntryPoint\",\"urlTemplate\":\"https:\/\/maximosconsultoria.com.br\/?s={search_term_string}\"},\"query-input\":\"required name=search_term_string\"}],\"inLanguage\":\"en-US\"}]}<\/script>\n<!-- \/ Yoast SEO plugin. -->","yoast_head_json":{"title":"ANVISA - Maximos","robots":{"index":"index","follow":"follow","max-snippet":"max-snippet:-1","max-image-preview":"max-image-preview:large","max-video-preview":"max-video-preview:-1"},"canonical":"https:\/\/maximosconsultoria.com.br\/en\/anvisa\/","og_locale":"en_US","og_type":"article","og_title":"ANVISA - Maximos","og_description":"Cadastro Empresa Cadastramento de Empresa; Cadastramento de Gestor de Seguran\u00e7a; Cadastramento de Respons\u00e1vel Legal; Cadastramento de Respons\u00e1vel T\u00e9cnico; Recupera\u00e7\u00e3o ou Altera\u00e7\u00e3o de Senha \u2013 Pessoa F\u00edsica; Recupera\u00e7\u00e3o ou Altera\u00e7\u00e3o de Senha \u2013 Pessoa Jur\u00eddica; Atualiza\u00e7\u00e3o do porte. AFE - Autoriza\u00e7\u00e3o de funcionamento Concess\u00e3o de Autoriza\u00e7\u00e3o de Funcionamento de Empresa (AFE) para Medicamentos, Insumos Farmac\u00eauticos, Produtos [&hellip;]","og_url":"https:\/\/maximosconsultoria.com.br\/en\/anvisa\/","og_site_name":"Maximos","article_modified_time":"2020-10-16T23:55:38+00:00","twitter_card":"summary_large_image","twitter_misc":{"Est. reading time":"8 minutes"},"schema":{"@context":"https:\/\/schema.org","@graph":[{"@type":"WebPage","@id":"https:\/\/maximosconsultoria.com.br\/anvisa\/","url":"https:\/\/maximosconsultoria.com.br\/anvisa\/","name":"ANVISA - Maximos","isPartOf":{"@id":"https:\/\/maximosconsultoria.com.br\/#website"},"datePublished":"2020-08-13T14:45:50+00:00","dateModified":"2020-10-16T23:55:38+00:00","breadcrumb":{"@id":"https:\/\/maximosconsultoria.com.br\/anvisa\/#breadcrumb"},"inLanguage":"en-US","potentialAction":[{"@type":"ReadAction","target":["https:\/\/maximosconsultoria.com.br\/anvisa\/"]}]},{"@type":"BreadcrumbList","@id":"https:\/\/maximosconsultoria.com.br\/anvisa\/#breadcrumb","itemListElement":[{"@type":"ListItem","position":1,"name":"Home","item":"https:\/\/maximosconsultoria.com.br\/"},{"@type":"ListItem","position":2,"name":"ANVISA"}]},{"@type":"WebSite","@id":"https:\/\/maximosconsultoria.com.br\/#website","url":"https:\/\/maximosconsultoria.com.br\/","name":"Maximos","description":"M\u00c1XIMOS CONSULTORIA \/ ANVISA-VISA -INMETRO-MAPA","potentialAction":[{"@type":"SearchAction","target":{"@type":"EntryPoint","urlTemplate":"https:\/\/maximosconsultoria.com.br\/?s={search_term_string}"},"query-input":"required name=search_term_string"}],"inLanguage":"en-US"}]}},"_links":{"self":[{"href":"https:\/\/maximosconsultoria.com.br\/en\/wp-json\/wp\/v2\/pages\/616"}],"collection":[{"href":"https:\/\/maximosconsultoria.com.br\/en\/wp-json\/wp\/v2\/pages"}],"about":[{"href":"https:\/\/maximosconsultoria.com.br\/en\/wp-json\/wp\/v2\/types\/page"}],"author":[{"embeddable":true,"href":"https:\/\/maximosconsultoria.com.br\/en\/wp-json\/wp\/v2\/users\/1"}],"replies":[{"embeddable":true,"href":"https:\/\/maximosconsultoria.com.br\/en\/wp-json\/wp\/v2\/comments?post=616"}],"version-history":[{"count":28,"href":"https:\/\/maximosconsultoria.com.br\/en\/wp-json\/wp\/v2\/pages\/616\/revisions"}],"predecessor-version":[{"id":1330,"href":"https:\/\/maximosconsultoria.com.br\/en\/wp-json\/wp\/v2\/pages\/616\/revisions\/1330"}],"wp:attachment":[{"href":"https:\/\/maximosconsultoria.com.br\/en\/wp-json\/wp\/v2\/media?parent=616"}],"curies":[{"name":"wp","href":"https:\/\/api.w.org\/{rel}","templated":true}]}}